{"id":712,"date":"2022-05-13T13:06:19","date_gmt":"2022-05-13T13:06:19","guid":{"rendered":"https:\/\/alberticorp.com\/?page_id=712"},"modified":"2022-06-28T16:00:42","modified_gmt":"2022-06-28T16:00:42","slug":"nuestra-empresa","status":"publish","type":"page","link":"https:\/\/alberticorp.com\/pt\/nuestra-empresa\/","title":{"rendered":"Nossa Empresa"},"content":{"rendered":"<div data-elementor-type=\"wp-page\" data-elementor-id=\"712\" class=\"elementor elementor-712\" data-elementor-settings=\"[]\">\n\t\t\t\t\t\t\t<div class=\"elementor-section-wrap\">\n\t\t\t\t\t\t\t<section class=\"elementor-section elementor-top-section elementor-element elementor-element-7689d116 elementor-section-full_width elementor-section-content-middle elementor-section-stretched elementor-section-height-default elementor-section-height-default\" data-id=\"7689d116\" data-element_type=\"section\" data-settings=\"{&quot;background_background&quot;:&quot;classic&quot;,&quot;stretch_section&quot;:&quot;section-stretched&quot;}\">\n\t\t\t\t\t\t<div class=\"elementor-container elementor-column-gap-no\">\n\t\t\t\t\t<div class=\"elementor-column elementor-col-50 elementor-top-column elementor-element elementor-element-18816f01\" data-id=\"18816f01\" data-element_type=\"column\" data-settings=\"{&quot;background_background&quot;:&quot;classic&quot;}\">\n\t\t\t<div class=\"elementor-widget-wrap elementor-element-populated\">\n\t\t\t\t\t<div class=\"elementor-background-overlay\"><\/div>\n\t\t\t\t\t\t\t\t<div class=\"elementor-element elementor-element-444f422 elementor-hidden-mobile elementor-widget elementor-widget-image\" data-id=\"444f422\" data-element_type=\"widget\" data-widget_type=\"image.default\">\n\t\t\t\t<div class=\"elementor-widget-container\">\n\t\t\t<style>\/*! elementor - v3.5.5 - 03-02-2022 *\/\n.elementor-widget-image{text-align:center}.elementor-widget-image a{display:inline-block}.elementor-widget-image a img[src$=\".svg\"]{width:48px}.elementor-widget-image img{vertical-align:middle;display:inline-block}<\/style>\t\t\t\t\t\t\t\t\t\t\t\t<img loading=\"lazy\" decoding=\"async\" width=\"700\" height=\"700\" src=\"https:\/\/alberticorp.com\/wp-content\/uploads\/2022\/05\/chile-brasil.png\" class=\"attachment-large size-large\" alt=\"\" srcset=\"https:\/\/alberticorp.com\/wp-content\/uploads\/2022\/05\/chile-brasil.png 700w, https:\/\/alberticorp.com\/wp-content\/uploads\/2022\/05\/chile-brasil-300x300.png 300w, https:\/\/alberticorp.com\/wp-content\/uploads\/2022\/05\/chile-brasil-150x150.png 150w\" sizes=\"auto, (max-width: 700px) 100vw, 700px\" \/>\t\t\t\t\t\t\t\t\t\t\t\t\t\t\t<\/div>\n\t\t\t\t<\/div>\n\t\t\t\t<div class=\"elementor-element elementor-element-4f64f04 elementor-hidden-desktop elementor-hidden-tablet elementor-widget elementor-widget-image\" data-id=\"4f64f04\" data-element_type=\"widget\" data-widget_type=\"image.default\">\n\t\t\t\t<div class=\"elementor-widget-container\">\n\t\t\t\t\t\t\t\t\t\t\t\t\t\t\t<img decoding=\"async\" src=\"https:\/\/alberticorp.com\/wp-content\/uploads\/2022\/05\/chile-brasil.png\" title=\"\" alt=\"\" \/>\t\t\t\t\t\t\t\t\t\t\t\t\t\t\t<\/div>\n\t\t\t\t<\/div>\n\t\t\t\t\t<\/div>\n\t\t<\/div>\n\t\t\t\t<div class=\"elementor-column elementor-col-50 elementor-top-column elementor-element elementor-element-65cd37c5\" data-id=\"65cd37c5\" data-element_type=\"column\">\n\t\t\t<div class=\"elementor-widget-wrap elementor-element-populated\">\n\t\t\t\t\t\t\t\t<div class=\"elementor-element elementor-element-64fb39d elementor-widget elementor-widget-text-editor\" data-id=\"64fb39d\" data-element_type=\"widget\" data-widget_type=\"text-editor.default\">\n\t\t\t\t<div class=\"elementor-widget-container\">\n\t\t\t<style>\/*! elementor - v3.5.5 - 03-02-2022 *\/\n.elementor-widget-text-editor.elementor-drop-cap-view-stacked .elementor-drop-cap{background-color:#818a91;color:#fff}.elementor-widget-text-editor.elementor-drop-cap-view-framed .elementor-drop-cap{color:#818a91;border:3px solid;background-color:transparent}.elementor-widget-text-editor:not(.elementor-drop-cap-view-default) .elementor-drop-cap{margin-top:8px}.elementor-widget-text-editor:not(.elementor-drop-cap-view-default) .elementor-drop-cap-letter{width:1em;height:1em}.elementor-widget-text-editor .elementor-drop-cap{float:left;text-align:center;line-height:1;font-size:50px}.elementor-widget-text-editor .elementor-drop-cap-letter{display:inline-block}<\/style>\t\t\t\t<p>NOSSA\u00a0<\/p><p>EMPRESA<\/p>\t\t\t\t\t\t<\/div>\n\t\t\t\t<\/div>\n\t\t\t\t<div class=\"elementor-element elementor-element-3cdb321d elementor-widget elementor-widget-text-editor\" data-id=\"3cdb321d\" data-element_type=\"widget\" data-widget_type=\"text-editor.default\">\n\t\t\t\t<div class=\"elementor-widget-container\">\n\t\t\t\t\t\t\t<p>Empresa brasileira que opera no Chile com mais de 10 anos de experi\u00eancia t\u00e9cnica no mercado latino-americano atuando em minera\u00e7\u00e3o, obras de infraestrutura no Chile e no Brasil.<\/p>\t\t\t\t\t\t<\/div>\n\t\t\t\t<\/div>\n\t\t\t\t<div class=\"elementor-element elementor-element-71723c0e elementor-widget elementor-widget-text-editor\" data-id=\"71723c0e\" data-element_type=\"widget\" data-widget_type=\"text-editor.default\">\n\t\t\t\t<div class=\"elementor-widget-container\">\n\t\t\t\t\t\t\t<p>Fornecemos solu\u00e7\u00f5es de engenharia projetando \"fatos sob medida\" para cada um dos problemas de nossos clientes, com o objetivo de gerar uma rela\u00e7\u00e3o de confian\u00e7a entre empresas.<\/p><p>Primamos por nossa capacidade de planejar e gerenciar os objetivos do cliente, levando em conta as restri\u00e7\u00f5es no terreno e o que nossa tecnologia e experi\u00eancia podem proporcionar.<\/p>\t\t\t\t\t\t<\/div>\n\t\t\t\t<\/div>\n\t\t\t\t\t<\/div>\n\t\t<\/div>\n\t\t\t\t\t\t\t<\/div>\n\t\t<\/section>\n\t\t\t\t\t\t<\/div>\n\t\t\t\t\t<\/div>","protected":false},"excerpt":{"rendered":"<p>NUESTRA&nbsp; EMPRESA Empresa brasile\u00f1a que act\u00faa en Chile con experiencia t\u00e9cnica de m\u00e1s de 10 a\u00f1os em el mercado latino americano actuando en Miner\u00eda, obras de infraestructura tanto en Chile como en Brasil. Brindamos soluciones de ingenier\u00eda dise\u00f1ando \u201ctrajes a la medida\u201d para ca problema de nuestros clientes, con el objetivo de generar una relaci\u00f3n &hellip;<\/p>\n<p class=\"read-more\"> <a class=\"\" href=\"https:\/\/alberticorp.com\/pt\/nuestra-empresa\/\"> <span class=\"screen-reader-text\">Nossa Empresa<\/span> Leia mais &raquo;<\/a><\/p>","protected":false},"author":1,"featured_media":0,"parent":0,"menu_order":0,"comment_status":"closed","ping_status":"closed","template":"","meta":{"footnotes":""},"class_list":["post-712","page","type-page","status-publish","hentry"],"_links":{"self":[{"href":"https:\/\/alberticorp.com\/pt\/wp-json\/wp\/v2\/pages\/712","targetHints":{"allow":["GET"]}}],"collection":[{"href":"https:\/\/alberticorp.com\/pt\/wp-json\/wp\/v2\/pages"}],"about":[{"href":"https:\/\/alberticorp.com\/pt\/wp-json\/wp\/v2\/types\/page"}],"author":[{"embeddable":true,"href":"https:\/\/alberticorp.com\/pt\/wp-json\/wp\/v2\/users\/1"}],"replies":[{"embeddable":true,"href":"https:\/\/alberticorp.com\/pt\/wp-json\/wp\/v2\/comments?post=712"}],"version-history":[{"count":46,"href":"https:\/\/alberticorp.com\/pt\/wp-json\/wp\/v2\/pages\/712\/revisions"}],"predecessor-version":[{"id":835,"href":"https:\/\/alberticorp.com\/pt\/wp-json\/wp\/v2\/pages\/712\/revisions\/835"}],"wp:attachment":[{"href":"https:\/\/alberticorp.com\/pt\/wp-json\/wp\/v2\/media?parent=712"}],"curies":[{"name":"wp","href":"https:\/\/api.w.org\/{rel}","templated":true}]}}