{"id":581,"date":"2022-04-29T19:12:07","date_gmt":"2022-04-29T19:12:07","guid":{"rendered":"https:\/\/alberticorp.com\/?page_id=581"},"modified":"2022-04-29T19:24:16","modified_gmt":"2022-04-29T19:24:16","slug":"servicios","status":"publish","type":"page","link":"https:\/\/alberticorp.com\/pt\/servicios\/","title":{"rendered":"Servi\u00e7os"},"content":{"rendered":"<div data-elementor-type=\"wp-page\" data-elementor-id=\"581\" class=\"elementor elementor-581\" data-elementor-settings=\"[]\">\n\t\t\t\t\t\t\t<div class=\"elementor-section-wrap\">\n\t\t\t\t\t\t\t<section class=\"elementor-section elementor-top-section elementor-element elementor-element-10ed5a9d elementor-section-content-middle elementor-section-boxed elementor-section-height-default elementor-section-height-default\" data-id=\"10ed5a9d\" data-element_type=\"section\">\n\t\t\t\t\t\t<div class=\"elementor-container elementor-column-gap-no\">\n\t\t\t\t\t<div class=\"elementor-column elementor-col-100 elementor-top-column elementor-element elementor-element-401b4e8\" data-id=\"401b4e8\" data-element_type=\"column\">\n\t\t\t<div class=\"elementor-widget-wrap elementor-element-populated\">\n\t\t\t\t\t\t\t\t<div class=\"elementor-element elementor-element-54daa41f elementor-widget elementor-widget-heading\" data-id=\"54daa41f\" data-element_type=\"widget\" data-widget_type=\"heading.default\">\n\t\t\t\t<div class=\"elementor-widget-container\">\n\t\t\t<style>\/*! elementor - v3.5.5 - 03-02-2022 *\/\n.elementor-heading-title{padding:0;margin:0;line-height:1}.elementor-widget-heading .elementor-heading-title[class*=elementor-size-]>a{color:inherit;font-size:inherit;line-height:inherit}.elementor-widget-heading .elementor-heading-title.elementor-size-small{font-size:15px}.elementor-widget-heading .elementor-heading-title.elementor-size-medium{font-size:19px}.elementor-widget-heading .elementor-heading-title.elementor-size-large{font-size:29px}.elementor-widget-heading .elementor-heading-title.elementor-size-xl{font-size:39px}.elementor-widget-heading .elementor-heading-title.elementor-size-xxl{font-size:59px}<\/style><h4 class=\"elementor-heading-title elementor-size-default\">Nossos servi\u00e7os<\/h4>\t\t<\/div>\n\t\t\t\t<\/div>\n\t\t\t\t<section class=\"elementor-section elementor-inner-section elementor-element elementor-element-3b7532aa elementor-section-content-middle elementor-section-boxed elementor-section-height-default elementor-section-height-default\" data-id=\"3b7532aa\" data-element_type=\"section\">\n\t\t\t\t\t\t<div class=\"elementor-container elementor-column-gap-no\">\n\t\t\t\t\t<div class=\"elementor-column elementor-col-33 elementor-inner-column elementor-element elementor-element-3cd03cdf\" data-id=\"3cd03cdf\" data-element_type=\"column\">\n\t\t\t<div class=\"elementor-widget-wrap elementor-element-populated\">\n\t\t\t\t\t\t\t\t<div class=\"elementor-element elementor-element-5afafcdd elementor-widget elementor-widget-image\" data-id=\"5afafcdd\" data-element_type=\"widget\" data-widget_type=\"image.default\">\n\t\t\t\t<div class=\"elementor-widget-container\">\n\t\t\t<style>\/*! elementor - v3.5.5 - 03-02-2022 *\/\n.elementor-widget-image{text-align:center}.elementor-widget-image a{display:inline-block}.elementor-widget-image a img[src$=\".svg\"]{width:48px}.elementor-widget-image img{vertical-align:middle;display:inline-block}<\/style>\t\t\t\t\t\t\t\t\t\t\t\t<img loading=\"lazy\" decoding=\"async\" width=\"768\" height=\"512\" src=\"https:\/\/alberticorp.com\/wp-content\/uploads\/2022\/04\/working-male-inspection-weld-underground-of-equipment-tunnel-by-using-the-flashlight-1-768x512.jpg\" class=\"attachment-medium_large size-medium_large\" alt=\"\" srcset=\"https:\/\/alberticorp.com\/wp-content\/uploads\/2022\/04\/working-male-inspection-weld-underground-of-equipment-tunnel-by-using-the-flashlight-1-768x512.jpg 768w, https:\/\/alberticorp.com\/wp-content\/uploads\/2022\/04\/working-male-inspection-weld-underground-of-equipment-tunnel-by-using-the-flashlight-1-300x200.jpg 300w, https:\/\/alberticorp.com\/wp-content\/uploads\/2022\/04\/working-male-inspection-weld-underground-of-equipment-tunnel-by-using-the-flashlight-1-1024x683.jpg 1024w, https:\/\/alberticorp.com\/wp-content\/uploads\/2022\/04\/working-male-inspection-weld-underground-of-equipment-tunnel-by-using-the-flashlight-1-1536x1024.jpg 1536w, https:\/\/alberticorp.com\/wp-content\/uploads\/2022\/04\/working-male-inspection-weld-underground-of-equipment-tunnel-by-using-the-flashlight-1-2048x1365.jpg 2048w\" sizes=\"auto, (max-width: 768px) 100vw, 768px\" \/>\t\t\t\t\t\t\t\t\t\t\t\t\t\t\t<\/div>\n\t\t\t\t<\/div>\n\t\t\t\t\t<\/div>\n\t\t<\/div>\n\t\t\t\t<div class=\"elementor-column elementor-col-33 elementor-inner-column elementor-element elementor-element-58098291\" data-id=\"58098291\" data-element_type=\"column\">\n\t\t\t<div class=\"elementor-widget-wrap elementor-element-populated\">\n\t\t\t\t\t\t\t\t<div class=\"elementor-element elementor-element-442831e1 elementor-widget elementor-widget-heading\" data-id=\"442831e1\" data-element_type=\"widget\" data-widget_type=\"heading.default\">\n\t\t\t\t<div class=\"elementor-widget-container\">\n\t\t\t<h2 class=\"elementor-heading-title elementor-size-default\">Obras Civis em Minera\u00e7\u00e3o<\/h2>\t\t<\/div>\n\t\t\t\t<\/div>\n\t\t\t\t<div class=\"elementor-element elementor-element-42c61f5f elementor-widget elementor-widget-text-editor\" data-id=\"42c61f5f\" data-element_type=\"widget\" data-widget_type=\"text-editor.default\">\n\t\t\t\t<div class=\"elementor-widget-container\">\n\t\t\t<style>\/*! elementor - v3.5.5 - 03-02-2022 *\/\n.elementor-widget-text-editor.elementor-drop-cap-view-stacked .elementor-drop-cap{background-color:#818a91;color:#fff}.elementor-widget-text-editor.elementor-drop-cap-view-framed .elementor-drop-cap{color:#818a91;border:3px solid;background-color:transparent}.elementor-widget-text-editor:not(.elementor-drop-cap-view-default) .elementor-drop-cap{margin-top:8px}.elementor-widget-text-editor:not(.elementor-drop-cap-view-default) .elementor-drop-cap-letter{width:1em;height:1em}.elementor-widget-text-editor .elementor-drop-cap{float:left;text-align:center;line-height:1;font-size:50px}.elementor-widget-text-editor .elementor-drop-cap-letter{display:inline-block}<\/style>\t\t\t\t<p>Ao aplicar a engenharia, somos capazes de projetar solu\u00e7\u00f5es \"chave na m\u00e3o\" que permitem a continuidade das opera\u00e7\u00f5es onde realizamos nosso trabalho.<\/p>\t\t\t\t\t\t<\/div>\n\t\t\t\t<\/div>\n\t\t\t\t\t<\/div>\n\t\t<\/div>\n\t\t\t\t<div class=\"elementor-column elementor-col-33 elementor-inner-column elementor-element elementor-element-49a79df9\" data-id=\"49a79df9\" data-element_type=\"column\">\n\t\t\t<div class=\"elementor-widget-wrap elementor-element-populated\">\n\t\t\t\t\t\t\t\t<div class=\"elementor-element elementor-element-59cf651f elementor-widget elementor-widget-image\" data-id=\"59cf651f\" data-element_type=\"widget\" data-widget_type=\"image.default\">\n\t\t\t\t<div class=\"elementor-widget-container\">\n\t\t\t\t\t\t\t\t\t\t\t\t\t\t\t<img loading=\"lazy\" decoding=\"async\" width=\"1024\" height=\"683\" src=\"https:\/\/alberticorp.com\/wp-content\/uploads\/2022\/04\/engineers-and-oilfields-oil-drilling-exploration-silhouette-1024x683.jpg\" class=\"attachment-large size-large\" alt=\"\" srcset=\"https:\/\/alberticorp.com\/wp-content\/uploads\/2022\/04\/engineers-and-oilfields-oil-drilling-exploration-silhouette-1024x683.jpg 1024w, https:\/\/alberticorp.com\/wp-content\/uploads\/2022\/04\/engineers-and-oilfields-oil-drilling-exploration-silhouette-300x200.jpg 300w, https:\/\/alberticorp.com\/wp-content\/uploads\/2022\/04\/engineers-and-oilfields-oil-drilling-exploration-silhouette-768x512.jpg 768w, https:\/\/alberticorp.com\/wp-content\/uploads\/2022\/04\/engineers-and-oilfields-oil-drilling-exploration-silhouette-1536x1024.jpg 1536w, https:\/\/alberticorp.com\/wp-content\/uploads\/2022\/04\/engineers-and-oilfields-oil-drilling-exploration-silhouette-2048x1365.jpg 2048w\" sizes=\"auto, (max-width: 1024px) 100vw, 1024px\" \/>\t\t\t\t\t\t\t\t\t\t\t\t\t\t\t<\/div>\n\t\t\t\t<\/div>\n\t\t\t\t\t<\/div>\n\t\t<\/div>\n\t\t\t\t\t\t\t<\/div>\n\t\t<\/section>\n\t\t\t\t<section class=\"elementor-section elementor-inner-section elementor-element elementor-element-305d100a elementor-section-content-middle elementor-section-boxed elementor-section-height-default elementor-section-height-default\" data-id=\"305d100a\" data-element_type=\"section\">\n\t\t\t\t\t\t<div class=\"elementor-container elementor-column-gap-no\">\n\t\t\t\t\t<div class=\"elementor-column elementor-col-33 elementor-inner-column elementor-element elementor-element-4e563e20\" data-id=\"4e563e20\" data-element_type=\"column\">\n\t\t\t<div class=\"elementor-widget-wrap elementor-element-populated\">\n\t\t\t\t\t\t\t\t<div class=\"elementor-element elementor-element-24a1e99d elementor-widget elementor-widget-heading\" data-id=\"24a1e99d\" data-element_type=\"widget\" data-widget_type=\"heading.default\">\n\t\t\t\t<div class=\"elementor-widget-container\">\n\t\t\t<h2 class=\"elementor-heading-title elementor-size-default\">Manuten\u00e7\u00e3o de minera\u00e7\u00e3o<\/h2>\t\t<\/div>\n\t\t\t\t<\/div>\n\t\t\t\t<div class=\"elementor-element elementor-element-61f3821e elementor-widget elementor-widget-text-editor\" data-id=\"61f3821e\" data-element_type=\"widget\" data-widget_type=\"text-editor.default\">\n\t\t\t\t<div class=\"elementor-widget-container\">\n\t\t\t\t\t\t\t<p>Ao aplicar a engenharia, somos capazes de projetar solu\u00e7\u00f5es \"chave na m\u00e3o\" que permitem a continuidade das opera\u00e7\u00f5es onde realizamos nosso trabalho.<\/p>\t\t\t\t\t\t<\/div>\n\t\t\t\t<\/div>\n\t\t\t\t\t<\/div>\n\t\t<\/div>\n\t\t\t\t<div class=\"elementor-column elementor-col-33 elementor-inner-column elementor-element elementor-element-45b46925\" data-id=\"45b46925\" data-element_type=\"column\">\n\t\t\t<div class=\"elementor-widget-wrap elementor-element-populated\">\n\t\t\t\t\t\t\t\t<div class=\"elementor-element elementor-element-4a996e69 elementor-widget elementor-widget-image\" data-id=\"4a996e69\" data-element_type=\"widget\" data-widget_type=\"image.default\">\n\t\t\t\t<div class=\"elementor-widget-container\">\n\t\t\t\t\t\t\t\t\t\t\t\t\t\t\t<img loading=\"lazy\" decoding=\"async\" width=\"1024\" height=\"683\" src=\"https:\/\/alberticorp.com\/wp-content\/uploads\/2022\/04\/yellow-truck-from-behind-and-another-in-front-with-the-mines-1024x683.jpg\" class=\"attachment-large size-large\" alt=\"\" srcset=\"https:\/\/alberticorp.com\/wp-content\/uploads\/2022\/04\/yellow-truck-from-behind-and-another-in-front-with-the-mines-1024x683.jpg 1024w, https:\/\/alberticorp.com\/wp-content\/uploads\/2022\/04\/yellow-truck-from-behind-and-another-in-front-with-the-mines-300x200.jpg 300w, https:\/\/alberticorp.com\/wp-content\/uploads\/2022\/04\/yellow-truck-from-behind-and-another-in-front-with-the-mines-768x512.jpg 768w, https:\/\/alberticorp.com\/wp-content\/uploads\/2022\/04\/yellow-truck-from-behind-and-another-in-front-with-the-mines-1536x1024.jpg 1536w, https:\/\/alberticorp.com\/wp-content\/uploads\/2022\/04\/yellow-truck-from-behind-and-another-in-front-with-the-mines-2048x1365.jpg 2048w\" sizes=\"auto, (max-width: 1024px) 100vw, 1024px\" \/>\t\t\t\t\t\t\t\t\t\t\t\t\t\t\t<\/div>\n\t\t\t\t<\/div>\n\t\t\t\t\t<\/div>\n\t\t<\/div>\n\t\t\t\t<div class=\"elementor-column elementor-col-33 elementor-inner-column elementor-element elementor-element-4243e7a1\" data-id=\"4243e7a1\" data-element_type=\"column\">\n\t\t\t<div class=\"elementor-widget-wrap elementor-element-populated\">\n\t\t\t\t\t\t\t\t<div class=\"elementor-element elementor-element-3becd82a elementor-widget elementor-widget-heading\" data-id=\"3becd82a\" data-element_type=\"widget\" data-widget_type=\"heading.default\">\n\t\t\t\t<div class=\"elementor-widget-container\">\n\t\t\t<h2 class=\"elementor-heading-title elementor-size-default\">Projetos Estruturais<\/h2>\t\t<\/div>\n\t\t\t\t<\/div>\n\t\t\t\t<div class=\"elementor-element elementor-element-7a3e8346 elementor-widget elementor-widget-text-editor\" data-id=\"7a3e8346\" data-element_type=\"widget\" data-widget_type=\"text-editor.default\">\n\t\t\t\t<div class=\"elementor-widget-container\">\n\t\t\t\t\t\t\t<p>Ao aplicar a engenharia, somos capazes de projetar solu\u00e7\u00f5es \"chave na m\u00e3o\" que permitem a continuidade das opera\u00e7\u00f5es onde realizamos nosso trabalho.<\/p>\t\t\t\t\t\t<\/div>\n\t\t\t\t<\/div>\n\t\t\t\t\t<\/div>\n\t\t<\/div>\n\t\t\t\t\t\t\t<\/div>\n\t\t<\/section>\n\t\t\t\t\t<\/div>\n\t\t<\/div>\n\t\t\t\t\t\t\t<\/div>\n\t\t<\/section>\n\t\t\t\t\t\t<\/div>\n\t\t\t\t\t<\/div>","protected":false},"excerpt":{"rendered":"<p>Nuestros Servicios Obras Civiles en Miner\u00eda Aplicando Ingenier\u00eda, logramos dise\u00f1ar soluciones Llave en Mano que permiten la continuidad de las operaciones en donde realizamos nuestros trabajos. Mantenci\u00f3n Minera Aplicando Ingenier\u00eda, logramos dise\u00f1ar soluciones Llave en Mano que permiten la continuidad de las operaciones en donde realizamos nuestros trabajos. Proyectos Estructurales Aplicando Ingenier\u00eda, logramos dise\u00f1ar soluciones &hellip;<\/p>\n<p class=\"read-more\"> <a class=\"\" href=\"https:\/\/alberticorp.com\/pt\/servicios\/\"> <span class=\"screen-reader-text\">Servi\u00e7os<\/span> Leia mais &raquo;<\/a><\/p>","protected":false},"author":1,"featured_media":0,"parent":0,"menu_order":0,"comment_status":"closed","ping_status":"closed","template":"","meta":{"footnotes":""},"class_list":["post-581","page","type-page","status-publish","hentry"],"_links":{"self":[{"href":"https:\/\/alberticorp.com\/pt\/wp-json\/wp\/v2\/pages\/581","targetHints":{"allow":["GET"]}}],"collection":[{"href":"https:\/\/alberticorp.com\/pt\/wp-json\/wp\/v2\/pages"}],"about":[{"href":"https:\/\/alberticorp.com\/pt\/wp-json\/wp\/v2\/types\/page"}],"author":[{"embeddable":true,"href":"https:\/\/alberticorp.com\/pt\/wp-json\/wp\/v2\/users\/1"}],"replies":[{"embeddable":true,"href":"https:\/\/alberticorp.com\/pt\/wp-json\/wp\/v2\/comments?post=581"}],"version-history":[{"count":10,"href":"https:\/\/alberticorp.com\/pt\/wp-json\/wp\/v2\/pages\/581\/revisions"}],"predecessor-version":[{"id":598,"href":"https:\/\/alberticorp.com\/pt\/wp-json\/wp\/v2\/pages\/581\/revisions\/598"}],"wp:attachment":[{"href":"https:\/\/alberticorp.com\/pt\/wp-json\/wp\/v2\/media?parent=581"}],"curies":[{"name":"wp","href":"https:\/\/api.w.org\/{rel}","templated":true}]}}